{"id":3184,"date":"2011-03-20T16:20:04","date_gmt":"2011-03-20T16:20:04","guid":{"rendered":"https:\/\/thesecretlot.com\/www2\/?page_id=3184"},"modified":"2021-04-20T11:19:18","modified_gmt":"2021-04-20T09:19:18","slug":"lemplacement","status":"publish","type":"page","link":"https:\/\/thesecretlot.com\/www2\/lemplacement\/","title":{"rendered":"L&#8217;emplacement"},"content":{"rendered":"\t\t<div data-elementor-type=\"wp-page\" data-elementor-id=\"3184\" class=\"elementor elementor-3184\">\n\t\t\t\t\t\t<section class=\"elementor-section elementor-top-section elementor-element elementor-element-955a705 elementor-section-full_width elementor-section-height-min-height elementor-section-stretched elementor-section-height-default elementor-section-items-middle\" data-id=\"955a705\" data-element_type=\"section\" data-settings=\"{&quot;stretch_section&quot;:&quot;section-stretched&quot;,&quot;background_background&quot;:&quot;classic&quot;}\">\n\t\t\t\t\t\t\t<div class=\"elementor-background-overlay\"><\/div>\n\t\t\t\t\t\t\t<div class=\"elementor-container elementor-column-gap-default\">\n\t\t\t\t\t<div class=\"elementor-column elementor-col-100 elementor-top-column elementor-element elementor-element-30a9c55\" data-id=\"30a9c55\" data-element_type=\"column\">\n\t\t\t<div class=\"elementor-widget-wrap elementor-element-populated\">\n\t\t\t\t\t\t<div class=\"elementor-element elementor-element-8c6cca5 elementor-widget elementor-widget-heading\" data-id=\"8c6cca5\" data-element_type=\"widget\" data-widget_type=\"heading.default\">\n\t\t\t\t<div class=\"elementor-widget-container\">\n\t\t\t\t\t<h1 class=\"elementor-heading-title elementor-size-default\">L'emplacement du Secret Lot<\/h1>\t\t\t\t<\/div>\n\t\t\t\t<\/div>\n\t\t\t\t\t<\/div>\n\t\t<\/div>\n\t\t\t\t\t<\/div>\n\t\t<\/section>\n\t\t\t\t<section class=\"elementor-section elementor-top-section elementor-element elementor-element-6b5744b elementor-section-boxed elementor-section-height-default elementor-section-height-default\" data-id=\"6b5744b\" data-element_type=\"section\">\n\t\t\t\t\t\t<div class=\"elementor-container elementor-column-gap-default\">\n\t\t\t\t\t<div class=\"elementor-column elementor-col-100 elementor-top-column elementor-element elementor-element-c428e23\" data-id=\"c428e23\" data-element_type=\"column\">\n\t\t\t<div class=\"elementor-widget-wrap elementor-element-populated\">\n\t\t\t\t\t\t<div class=\"elementor-element elementor-element-446503d elementor-widget elementor-widget-heading\" data-id=\"446503d\" data-element_type=\"widget\" data-widget_type=\"heading.default\">\n\t\t\t\t<div class=\"elementor-widget-container\">\n\t\t\t\t\t<h2 class=\"elementor-heading-title elementor-size-default\">Situ\u00e9e en bordure de la r\u00e9gion Occitanie<\/h2>\t\t\t\t<\/div>\n\t\t\t\t<\/div>\n\t\t\t\t\t<\/div>\n\t\t<\/div>\n\t\t\t\t\t<\/div>\n\t\t<\/section>\n\t\t\t\t<section class=\"elementor-section elementor-top-section elementor-element elementor-element-403c1e90 elementor-section-boxed elementor-section-height-default elementor-section-height-default\" data-id=\"403c1e90\" data-element_type=\"section\">\n\t\t\t\t\t\t<div class=\"elementor-container elementor-column-gap-default\">\n\t\t\t\t\t<div class=\"elementor-column elementor-col-100 elementor-top-column elementor-element elementor-element-2ed2f8d2\" data-id=\"2ed2f8d2\" data-element_type=\"column\">\n\t\t\t<div class=\"elementor-widget-wrap elementor-element-populated\">\n\t\t\t\t\t\t<div class=\"elementor-element elementor-element-24f94458 elementor-widget elementor-widget-text-editor\" data-id=\"24f94458\" data-element_type=\"widget\" data-widget_type=\"text-editor.default\">\n\t\t\t\t<div class=\"elementor-widget-container\">\n\t\t\t\t\t\t\t\t\t<p class=\"p1\">Situ\u00e9e en bordure de la r\u00e9gion Occitanie \u00e0 mi-chemin entre Aurillac et Rodez, la r\u00e9gion b\u00e9n\u00e9ficie d&rsquo;un climat semi-m\u00e9diterran\u00e9en. La vall\u00e9e fluviale escarp\u00e9e et sinueuse offre des paysages spectaculaires et son propre microclimat.<\/p><p class=\"p1\">Les \u00e9t\u00e9s sont longs et chauds mais l&rsquo;hiver est court avec de nombreux jours de magnifique ciel bleu. La neige est de courte dur\u00e9e dans la vall\u00e9e et assez inhabituelle, m\u00eame s&rsquo;il y en a beaucoup dans les montagnes \u00e0 quelques heures de route si vous avez envie d&rsquo;une journ\u00e9e de ski.<\/p><p class=\"p2\">Les chalets se trouvent sur le versant nord de la haute vall\u00e9e du Lot et b\u00e9n\u00e9ficient d&rsquo;une vue imprenable sur la rivi\u00e8re, b\u00e9n\u00e9ficiant d&rsquo;un ensoleillement toute l&rsquo;ann\u00e9e.<\/p><p>Pour plus d&rsquo;informations sur la r\u00e9gion, visitez <span style=\"text-decoration: underline;\"><span style=\"color: #0000ff;\"><a style=\"color: #0000ff; text-decoration: underline;\" href=\"http:\/\/www.auvergnerhonealpes-tourisme.com\/en\/\" target=\"_blank\" rel=\"nofollow noopener\">Auvergne Rhone Alpes Tourisme<\/a><\/span><\/span> ou <span style=\"text-decoration: underline;\"><span style=\"color: #0000ff;\"><a style=\"color: #0000ff; text-decoration: underline;\" href=\"http:\/\/www.tourism-aveyron.com\/\" target=\"_blank\" rel=\"nofollow noopener\">Tourism Aveyron<\/a><\/span><\/span> deux excellents sites.<\/p>\t\t\t\t\t\t\t\t<\/div>\n\t\t\t\t<\/div>\n\t\t\t\t\t<\/div>\n\t\t<\/div>\n\t\t\t\t\t<\/div>\n\t\t<\/section>\n\t\t\t\t<section class=\"elementor-section elementor-top-section elementor-element elementor-element-802586b elementor-section-boxed elementor-section-height-default elementor-section-height-default\" data-id=\"802586b\" data-element_type=\"section\">\n\t\t\t\t\t\t<div class=\"elementor-container elementor-column-gap-default\">\n\t\t\t\t\t<div class=\"elementor-column elementor-col-100 elementor-top-column elementor-element elementor-element-34f82dc\" data-id=\"34f82dc\" data-element_type=\"column\">\n\t\t\t<div class=\"elementor-widget-wrap elementor-element-populated\">\n\t\t\t\t\t\t<div class=\"elementor-element elementor-element-aad9891 elementor-widget elementor-widget-heading\" data-id=\"aad9891\" data-element_type=\"widget\" data-widget_type=\"heading.default\">\n\t\t\t\t<div class=\"elementor-widget-container\">\n\t\t\t\t\t<h2 class=\"elementor-heading-title elementor-size-default\">Se rendre dans The Secret Lot<\/h2>\t\t\t\t<\/div>\n\t\t\t\t<\/div>\n\t\t\t\t<section class=\"elementor-section elementor-inner-section elementor-element elementor-element-d77a77a elementor-section-boxed elementor-section-height-default elementor-section-height-default\" data-id=\"d77a77a\" data-element_type=\"section\">\n\t\t\t\t\t\t<div class=\"elementor-container elementor-column-gap-default\">\n\t\t\t\t\t<div class=\"elementor-column elementor-col-50 elementor-inner-column elementor-element elementor-element-e285a0b\" data-id=\"e285a0b\" data-element_type=\"column\">\n\t\t\t<div class=\"elementor-widget-wrap elementor-element-populated\">\n\t\t\t\t\t\t<div class=\"elementor-element elementor-element-4146a46 elementor-icon-list--layout-traditional elementor-list-item-link-full_width elementor-widget elementor-widget-icon-list\" data-id=\"4146a46\" data-element_type=\"widget\" data-widget_type=\"icon-list.default\">\n\t\t\t\t<div class=\"elementor-widget-container\">\n\t\t\t\t\t\t\t<ul class=\"elementor-icon-list-items\">\n\t\t\t\t\t\t\t<li class=\"elementor-icon-list-item\">\n\t\t\t\t\t\t\t\t\t\t\t<span class=\"elementor-icon-list-icon\">\n\t\t\t\t\t\t\t<i aria-hidden=\"true\" class=\"fas fa-plane\"><\/i>\t\t\t\t\t\t<\/span>\n\t\t\t\t\t\t\t\t\t\t<span class=\"elementor-icon-list-text\"><strong> Ae\u0301roport le plus proche <\/strong> - Rodez 46.1 km \/ 50 min<\/span>\n\t\t\t\t\t\t\t\t\t<\/li>\n\t\t\t\t\t\t\t\t<li class=\"elementor-icon-list-item\">\n\t\t\t\t\t\t\t\t\t\t\t<span class=\"elementor-icon-list-icon\">\n\t\t\t\t\t\t\t<i aria-hidden=\"true\" class=\"fas fa-ship\"><\/i>\t\t\t\t\t\t<\/span>\n\t\t\t\t\t\t\t\t\t\t<span class=\"elementor-icon-list-text\"><strong>Ferry le plus proche<\/strong> - Calais 893 km \/ 9 hr 39 min<\/span>\n\t\t\t\t\t\t\t\t\t<\/li>\n\t\t\t\t\t\t\t\t<li class=\"elementor-icon-list-item\">\n\t\t\t\t\t\t\t\t\t\t\t<span class=\"elementor-icon-list-icon\">\n\t\t\t\t\t\t\t<i aria-hidden=\"true\" class=\"fas fa-train\"><\/i>\t\t\t\t\t\t<\/span>\n\t\t\t\t\t\t\t\t\t\t<span class=\"elementor-icon-list-text\"><strong>Eurotunnel<\/strong> - Calais 896 km \/ 9 hr 26 min<\/span>\n\t\t\t\t\t\t\t\t\t<\/li>\n\t\t\t\t\t\t<\/ul>\n\t\t\t\t\t\t<\/div>\n\t\t\t\t<\/div>\n\t\t\t\t<div class=\"elementor-element elementor-element-cf5d329 elementor-widget elementor-widget-heading\" data-id=\"cf5d329\" data-element_type=\"widget\" data-widget_type=\"heading.default\">\n\t\t\t\t<div class=\"elementor-widget-container\">\n\t\t\t\t\t<h4 class=\"elementor-heading-title elementor-size-default\"><i class=\"fa fa-plane\"><\/i> Autres a\u00e9roports<\/h4>\t\t\t\t<\/div>\n\t\t\t\t<\/div>\n\t\t\t\t<div class=\"elementor-element elementor-element-9bbef6d elementor-widget elementor-widget-text-editor\" data-id=\"9bbef6d\" data-element_type=\"widget\" data-widget_type=\"text-editor.default\">\n\t\t\t\t<div class=\"elementor-widget-container\">\n\t\t\t\t\t\t\t\t\t<p>Brive la Gaillarde &#8211; 137 km \/ 1 hr 51 min<br \/>Limoges &#8211; 249 km \/ 3 hr 30min<br \/>Toulouse &#8211; 208 km \/ 3 hr <\/p>\t\t\t\t\t\t\t\t<\/div>\n\t\t\t\t<\/div>\n\t\t\t\t<div class=\"elementor-element elementor-element-da2cdea elementor-widget elementor-widget-heading\" data-id=\"da2cdea\" data-element_type=\"widget\" data-widget_type=\"heading.default\">\n\t\t\t\t<div class=\"elementor-widget-container\">\n\t\t\t\t\t<h4 class=\"elementor-heading-title elementor-size-default\"><i class=\"fa fa-ship\"><\/i> Autres ports de ferry<\/h4>\t\t\t\t<\/div>\n\t\t\t\t<\/div>\n\t\t\t\t<div class=\"elementor-element elementor-element-b2d1ea8 elementor-widget elementor-widget-text-editor\" data-id=\"b2d1ea8\" data-element_type=\"widget\" data-widget_type=\"text-editor.default\">\n\t\t\t\t<div class=\"elementor-widget-container\">\n\t\t\t\t\t\t\t\t\t<p>Caen &#8211; 730 km \/ 7 hr 50 min<br \/>Le Havre\u00a0 &#8211; 774 km \/ 8 hr 10 min<br \/>Dieppe &#8211; 774 km \/ 8 hr 18 min<br \/>Cherbourg &#8211; 845 km \/ 8 hr 55 min<\/p>\t\t\t\t\t\t\t\t<\/div>\n\t\t\t\t<\/div>\n\t\t\t\t\t<\/div>\n\t\t<\/div>\n\t\t\t\t<div class=\"elementor-column elementor-col-50 elementor-inner-column elementor-element elementor-element-6e2f8ab\" data-id=\"6e2f8ab\" data-element_type=\"column\">\n\t\t\t<div class=\"elementor-widget-wrap elementor-element-populated\">\n\t\t\t\t\t\t<div class=\"elementor-element elementor-element-5d697af elementor-widget elementor-widget-google_maps\" data-id=\"5d697af\" data-element_type=\"widget\" data-widget_type=\"google_maps.default\">\n\t\t\t\t<div class=\"elementor-widget-container\">\n\t\t\t\t\t\t\t<div class=\"elementor-custom-embed\">\n\t\t\t<iframe loading=\"lazy\"\n\t\t\t\t\tsrc=\"https:\/\/www.google.com\/maps\/embed\/v1\/place?key=AIzaSyD5NMZFaE48H6b8PlzPA1kW7ox1qN4Cy7w&#038;q=The%20Secret%20Lot%2C%2015120%20Vieillevie%2C%20France&#038;zoom=13\"\n\t\t\t\t\ttitle=\"The Secret Lot, 15120 Vieillevie, France\"\n\t\t\t\t\taria-label=\"The Secret Lot, 15120 Vieillevie, France\"\n\t\t\t><\/iframe>\n\t\t<\/div>\n\t\t\t\t\t\t<\/div>\n\t\t\t\t<\/div>\n\t\t\t\t\t<\/div>\n\t\t<\/div>\n\t\t\t\t\t<\/div>\n\t\t<\/section>\n\t\t\t\t\t<\/div>\n\t\t<\/div>\n\t\t\t\t\t<\/div>\n\t\t<\/section>\n\t\t\t\t<\/div>\n\t\t","protected":false},"excerpt":{"rendered":"<p>L&#8217;emplacement du Secret Lot Situ\u00e9e en bordure de la r\u00e9gion Occitanie Situ\u00e9e en bordure de la r\u00e9gion Occitanie \u00e0 mi-chemin entre Aurillac et Rodez, la r\u00e9gion b\u00e9n\u00e9ficie d&rsquo;un climat semi-m\u00e9diterran\u00e9en. La vall\u00e9e fluviale escarp\u00e9e et sinueuse offre des paysages spectaculaires et son propre microclimat. Les \u00e9t\u00e9s sont longs et chauds mais l&rsquo;hiver est court avec [&hellip;]<\/p>\n","protected":false},"author":4,"featured_media":0,"parent":0,"menu_order":5,"comment_status":"closed","ping_status":"closed","template":"","meta":{"site-sidebar-layout":"no-sidebar","site-content-layout":"page-builder","ast-site-content-layout":"","site-content-style":"default","site-sidebar-style":"default","ast-global-header-display":"","ast-banner-title-visibility":"","ast-main-header-display":"","ast-hfb-above-header-display":"","ast-hfb-below-header-display":"","ast-hfb-mobile-header-display":"","site-post-title":"disabled","ast-breadcrumbs-content":"","ast-featured-img":"disabled","footer-sml-layout":"","theme-transparent-header-meta":"default","adv-header-id-meta":"","stick-header-meta":"","header-above-stick-meta":"","header-main-stick-meta":"","header-below-stick-meta":"","astra-migrate-meta-layouts":"default","ast-page-background-enabled":"default","ast-page-background-meta":{"desktop":{"background-color":"","background-image":"","background-repeat":"repeat","background-position":"center center","background-size":"auto","background-attachment":"scroll","background-type":"","background-media":"","overlay-type":"","overlay-color":"","overlay-opacity":"","overlay-gradient":""},"tablet":{"background-color":"","background-image":"","background-repeat":"repeat","background-position":"center center","background-size":"auto","background-attachment":"scroll","background-type":"","background-media":"","overlay-type":"","overlay-color":"","overlay-opacity":"","overlay-gradient":""},"mobile":{"background-color":"","background-image":"","background-repeat":"repeat","background-position":"center center","background-size":"auto","background-attachment":"scroll","background-type":"","background-media":"","overlay-type":"","overlay-color":"","overlay-opacity":"","overlay-gradient":""}},"ast-content-background-meta":{"desktop":{"background-color":"var(--ast-global-color-5)","background-image":"","background-repeat":"repeat","background-position":"center center","background-size":"auto","background-attachment":"scroll","background-type":"","background-media":"","overlay-type":"","overlay-color":"","overlay-opacity":"","overlay-gradient":""},"tablet":{"background-color":"var(--ast-global-color-5)","background-image":"","background-repeat":"repeat","background-position":"center center","background-size":"auto","background-attachment":"scroll","background-type":"","background-media":"","overlay-type":"","overlay-color":"","overlay-opacity":"","overlay-gradient":""},"mobile":{"background-color":"var(--ast-global-color-5)","background-image":"","background-repeat":"repeat","background-position":"center center","background-size":"auto","background-attachment":"scroll","background-type":"","background-media":"","overlay-type":"","overlay-color":"","overlay-opacity":"","overlay-gradient":""}},"footnotes":""},"class_list":["post-3184","page","type-page","status-publish","hentry"],"_links":{"self":[{"href":"https:\/\/thesecretlot.com\/www2\/wp-json\/wp\/v2\/pages\/3184","targetHints":{"allow":["GET"]}}],"collection":[{"href":"https:\/\/thesecretlot.com\/www2\/wp-json\/wp\/v2\/pages"}],"about":[{"href":"https:\/\/thesecretlot.com\/www2\/wp-json\/wp\/v2\/types\/page"}],"author":[{"embeddable":true,"href":"https:\/\/thesecretlot.com\/www2\/wp-json\/wp\/v2\/users\/4"}],"replies":[{"embeddable":true,"href":"https:\/\/thesecretlot.com\/www2\/wp-json\/wp\/v2\/comments?post=3184"}],"version-history":[{"count":5,"href":"https:\/\/thesecretlot.com\/www2\/wp-json\/wp\/v2\/pages\/3184\/revisions"}],"predecessor-version":[{"id":3333,"href":"https:\/\/thesecretlot.com\/www2\/wp-json\/wp\/v2\/pages\/3184\/revisions\/3333"}],"wp:attachment":[{"href":"https:\/\/thesecretlot.com\/www2\/wp-json\/wp\/v2\/media?parent=3184"}],"curies":[{"name":"wp","href":"https:\/\/api.w.org\/{rel}","templated":true}]}}