{"id":3173,"date":"2011-01-02T23:03:23","date_gmt":"2011-01-02T23:03:23","guid":{"rendered":"https:\/\/thesecretlot.com\/www2\/?page_id=3173"},"modified":"2025-04-15T11:21:43","modified_gmt":"2025-04-15T09:21:43","slug":"les-chaumieres","status":"publish","type":"page","link":"https:\/\/thesecretlot.com\/www2\/les-chaumieres\/","title":{"rendered":"Les Chaumi\u00e8res"},"content":{"rendered":"\t\t<div data-elementor-type=\"wp-page\" data-elementor-id=\"3173\" class=\"elementor elementor-3173\">\n\t\t\t\t\t\t<section class=\"elementor-section elementor-top-section elementor-element elementor-element-2bd6e1c elementor-section-full_width elementor-section-height-min-height elementor-section-stretched elementor-section-height-default elementor-section-items-middle\" data-id=\"2bd6e1c\" data-element_type=\"section\" data-settings=\"{&quot;stretch_section&quot;:&quot;section-stretched&quot;,&quot;background_background&quot;:&quot;classic&quot;}\">\n\t\t\t\t\t\t\t<div class=\"elementor-background-overlay\"><\/div>\n\t\t\t\t\t\t\t<div class=\"elementor-container elementor-column-gap-default\">\n\t\t\t\t\t<div class=\"elementor-column elementor-col-100 elementor-top-column elementor-element elementor-element-f0e543e\" data-id=\"f0e543e\" data-element_type=\"column\">\n\t\t\t<div class=\"elementor-widget-wrap elementor-element-populated\">\n\t\t\t\t\t\t<div class=\"elementor-element elementor-element-44ff1b3 elementor-widget elementor-widget-heading\" data-id=\"44ff1b3\" data-element_type=\"widget\" data-widget_type=\"heading.default\">\n\t\t\t\t<div class=\"elementor-widget-container\">\n\t\t\t\t\t<h1 class=\"elementor-heading-title elementor-size-default\">Les Chaumie\u0300res du Secret Lot<\/h1>\t\t\t\t<\/div>\n\t\t\t\t<\/div>\n\t\t\t\t\t<\/div>\n\t\t<\/div>\n\t\t\t\t\t<\/div>\n\t\t<\/section>\n\t\t\t\t<section class=\"elementor-section elementor-top-section elementor-element elementor-element-4a6a0ee elementor-section-boxed elementor-section-height-default elementor-section-height-default\" data-id=\"4a6a0ee\" data-element_type=\"section\">\n\t\t\t\t\t\t<div class=\"elementor-container elementor-column-gap-default\">\n\t\t\t\t\t<div class=\"elementor-column elementor-col-100 elementor-top-column elementor-element elementor-element-7607167\" data-id=\"7607167\" data-element_type=\"column\">\n\t\t\t<div class=\"elementor-widget-wrap elementor-element-populated\">\n\t\t\t\t\t\t<div class=\"elementor-element elementor-element-d14c93d elementor-widget elementor-widget-heading\" data-id=\"d14c93d\" data-element_type=\"widget\" data-widget_type=\"heading.default\">\n\t\t\t\t<div class=\"elementor-widget-container\">\n\t\t\t\t\t<h2 class=\"elementor-heading-title elementor-size-default\">De\u0301couvrez The Secret Lot pour de longues vacances, un court se\u0301jour ou un long week-end<\/h2>\t\t\t\t<\/div>\n\t\t\t\t<\/div>\n\t\t\t\t\t<\/div>\n\t\t<\/div>\n\t\t\t\t\t<\/div>\n\t\t<\/section>\n\t\t\t\t<section class=\"elementor-section elementor-top-section elementor-element elementor-element-553d46be elementor-section-boxed elementor-section-height-default elementor-section-height-default\" data-id=\"553d46be\" data-element_type=\"section\">\n\t\t\t\t\t\t<div class=\"elementor-container elementor-column-gap-default\">\n\t\t\t\t\t<div class=\"elementor-column elementor-col-100 elementor-top-column elementor-element elementor-element-2d4afc6d\" data-id=\"2d4afc6d\" data-element_type=\"column\">\n\t\t\t<div class=\"elementor-widget-wrap elementor-element-populated\">\n\t\t\t\t\t\t<div class=\"elementor-element elementor-element-2a2c472f elementor-widget elementor-widget-text-editor\" data-id=\"2a2c472f\" data-element_type=\"widget\" data-widget_type=\"text-editor.default\">\n\t\t\t\t<div class=\"elementor-widget-container\">\n\t\t\t\t\t\t\t\t\t<p>La Maison du Four et Le Cantou sont deux des sept propri\u00e9t\u00e9s du petit hameau de Lagarrigue. Situ\u00e9 \u00e0 flanc de colline et sur trois \u00e9tages, chacun offre deux chambres doubles avec WC et douche \/ baignoire en suite.<\/p><p>Le logement d\u00e9cloisonn\u00e9 dans chacun est meubl\u00e9 \u00e0 un niveau \u00e9lev\u00e9 et enti\u00e8rement \u00e9quip\u00e9 avec t\u00e9l\u00e9vision par satellite avec cha\u00eenes britanniques et continentales et WiFi. Les cuisines \u00e9quip\u00e9es en ch\u00eane disposent d&rsquo;un four, d&rsquo;une plaque de cuisson, d&rsquo;un r\u00e9frig\u00e9rateur, d&rsquo;un lave- vaisselle, d&rsquo;un micro-ondes et d&rsquo;un lave-linge. Des s\u00e8che-cheveux sont fournis dans chaque chambre.<\/p><p>Chaque maison dispose d&rsquo;un po\u00eale \u00e0 bois et de radiateurs pour fournir de la chaleur \u00e0 nos h\u00f4tes d&rsquo;hiver. (Aucun frais suppl\u00e9mentaire n&rsquo;est factur\u00e9)<\/p><p>Toutes les serviettes et les draps sont fournis.<\/p><p>Nous regrettons que fumer et les animaux domestiques ne sont pas autoris\u00e9s.<\/p>\t\t\t\t\t\t\t\t<\/div>\n\t\t\t\t<\/div>\n\t\t\t\t\t<\/div>\n\t\t<\/div>\n\t\t\t\t\t<\/div>\n\t\t<\/section>\n\t\t\t\t<section class=\"elementor-section elementor-top-section elementor-element elementor-element-08d7afd elementor-section-boxed elementor-section-height-default elementor-section-height-default\" data-id=\"08d7afd\" data-element_type=\"section\">\n\t\t\t\t\t\t<div class=\"elementor-container elementor-column-gap-default\">\n\t\t\t\t\t<div class=\"elementor-column elementor-col-50 elementor-top-column elementor-element elementor-element-e1a0606\" data-id=\"e1a0606\" data-element_type=\"column\">\n\t\t\t<div class=\"elementor-widget-wrap elementor-element-populated\">\n\t\t\t\t\t\t<div class=\"elementor-element elementor-element-e89cb60 animated-slow elementor-invisible elementor-widget elementor-widget-image\" data-id=\"e89cb60\" data-element_type=\"widget\" data-settings=\"{&quot;_animation&quot;:&quot;fadeIn&quot;}\" data-widget_type=\"image.default\">\n\t\t\t\t<div class=\"elementor-widget-container\">\n\t\t\t\t\t\t\t\t\t\t\t\t<figure class=\"wp-caption\">\n\t\t\t\t\t\t\t\t\t\t\t<a href=\"https:\/\/thesecretlot.com\/www2\/cottages\/la-maison-du-four\/\">\n\t\t\t\t\t\t\t<img fetchpriority=\"high\" decoding=\"async\" width=\"960\" height=\"643\" src=\"https:\/\/thesecretlot.com\/www2\/wp-content\/uploads\/2025\/04\/Design-sans-titre-4-1024x686.jpg\" class=\"attachment-large size-large wp-image-3779\" alt=\"\" srcset=\"https:\/\/thesecretlot.com\/www2\/wp-content\/uploads\/2025\/04\/Design-sans-titre-4-1024x686.jpg 1024w, https:\/\/thesecretlot.com\/www2\/wp-content\/uploads\/2025\/04\/Design-sans-titre-4-300x201.jpg 300w, https:\/\/thesecretlot.com\/www2\/wp-content\/uploads\/2025\/04\/Design-sans-titre-4-768x514.jpg 768w, https:\/\/thesecretlot.com\/www2\/wp-content\/uploads\/2025\/04\/Design-sans-titre-4-1536x1029.jpg 1536w, https:\/\/thesecretlot.com\/www2\/wp-content\/uploads\/2025\/04\/Design-sans-titre-4.jpg 1920w\" sizes=\"(max-width: 960px) 100vw, 960px\" \/>\t\t\t\t\t\t\t\t<\/a>\n\t\t\t\t\t\t\t\t\t\t\t<figcaption class=\"widget-image-caption wp-caption-text\"><\/figcaption>\n\t\t\t\t\t\t\t\t\t\t<\/figure>\n\t\t\t\t\t\t\t\t\t<\/div>\n\t\t\t\t<\/div>\n\t\t\t\t<div class=\"elementor-element elementor-element-013afe9 elementor-widget elementor-widget-heading\" data-id=\"013afe9\" data-element_type=\"widget\" data-widget_type=\"heading.default\">\n\t\t\t\t<div class=\"elementor-widget-container\">\n\t\t\t\t\t<h3 class=\"elementor-heading-title elementor-size-default\">La Maison du Four<\/h3>\t\t\t\t<\/div>\n\t\t\t\t<\/div>\n\t\t\t\t<div class=\"elementor-element elementor-element-9ef678b elementor-widget elementor-widget-text-editor\" data-id=\"9ef678b\" data-element_type=\"widget\" data-widget_type=\"text-editor.default\">\n\t\t\t\t<div class=\"elementor-widget-container\">\n\t\t\t\t\t\t\t\t\t<p>Expos\u00e9 sud et ouest, ce g\u00eete est id\u00e9alement positionn\u00e9 pour capter la lumi\u00e8re du matin au soir.<\/p>\t\t\t\t\t\t\t\t<\/div>\n\t\t\t\t<\/div>\n\t\t\t\t<div class=\"elementor-element elementor-element-52a04ef elementor-align-center elementor-widget elementor-widget-button\" data-id=\"52a04ef\" data-element_type=\"widget\" data-widget_type=\"button.default\">\n\t\t\t\t<div class=\"elementor-widget-container\">\n\t\t\t\t\t\t\t\t\t<div class=\"elementor-button-wrapper\">\n\t\t\t\t\t<a class=\"elementor-button elementor-button-link elementor-size-sm\" href=\"https:\/\/www.leboncoin.fr\/ad\/locations_saisonnieres\/2970885642\" rel=\"nofollow noopener\" target=\"_blank\">\n\t\t\t\t\t\t<span class=\"elementor-button-content-wrapper\">\n\t\t\t\t\t\t\t\t\t<span class=\"elementor-button-text\">R\u00e9servez votre s\u00e9jour<\/span>\n\t\t\t\t\t<\/span>\n\t\t\t\t\t<\/a>\n\t\t\t\t<\/div>\n\t\t\t\t\t\t\t\t<\/div>\n\t\t\t\t<\/div>\n\t\t\t\t\t<\/div>\n\t\t<\/div>\n\t\t\t\t<div class=\"elementor-column elementor-col-50 elementor-top-column elementor-element elementor-element-0a896fc\" data-id=\"0a896fc\" data-element_type=\"column\">\n\t\t\t<div class=\"elementor-widget-wrap elementor-element-populated\">\n\t\t\t\t\t\t<div class=\"elementor-element elementor-element-64b9427 animated-slow elementor-invisible elementor-widget elementor-widget-image\" data-id=\"64b9427\" data-element_type=\"widget\" data-settings=\"{&quot;_animation&quot;:&quot;fadeIn&quot;}\" data-widget_type=\"image.default\">\n\t\t\t\t<div class=\"elementor-widget-container\">\n\t\t\t\t\t\t\t\t\t\t\t\t<figure class=\"wp-caption\">\n\t\t\t\t\t\t\t\t\t\t\t<a href=\"https:\/\/thesecretlot.com\/www2\/cottages\/le-cantou\/\">\n\t\t\t\t\t\t\t<img decoding=\"async\" width=\"960\" height=\"643\" src=\"https:\/\/thesecretlot.com\/www2\/wp-content\/uploads\/2021\/02\/10-south-facing-terrace-scaled-e1614093881502-1024x686.jpg\" class=\"attachment-large size-large wp-image-2097\" alt=\"\" srcset=\"https:\/\/thesecretlot.com\/www2\/wp-content\/uploads\/2021\/02\/10-south-facing-terrace-scaled-e1614093881502-1024x686.jpg 1024w, https:\/\/thesecretlot.com\/www2\/wp-content\/uploads\/2021\/02\/10-south-facing-terrace-scaled-e1614093881502-300x201.jpg 300w, https:\/\/thesecretlot.com\/www2\/wp-content\/uploads\/2021\/02\/10-south-facing-terrace-scaled-e1614093881502-768x515.jpg 768w, https:\/\/thesecretlot.com\/www2\/wp-content\/uploads\/2021\/02\/10-south-facing-terrace-scaled-e1614093881502-1536x1029.jpg 1536w, https:\/\/thesecretlot.com\/www2\/wp-content\/uploads\/2021\/02\/10-south-facing-terrace-scaled-e1614093881502-2048x1372.jpg 2048w, https:\/\/thesecretlot.com\/www2\/wp-content\/uploads\/2021\/02\/10-south-facing-terrace-scaled-e1614093881502.jpg 1920w\" sizes=\"(max-width: 960px) 100vw, 960px\" \/>\t\t\t\t\t\t\t\t<\/a>\n\t\t\t\t\t\t\t\t\t\t\t<figcaption class=\"widget-image-caption wp-caption-text\"><\/figcaption>\n\t\t\t\t\t\t\t\t\t\t<\/figure>\n\t\t\t\t\t\t\t\t\t<\/div>\n\t\t\t\t<\/div>\n\t\t\t\t<div class=\"elementor-element elementor-element-0ff463b elementor-widget elementor-widget-heading\" data-id=\"0ff463b\" data-element_type=\"widget\" data-widget_type=\"heading.default\">\n\t\t\t\t<div class=\"elementor-widget-container\">\n\t\t\t\t\t<h3 class=\"elementor-heading-title elementor-size-default\">Le Cantou<\/h3>\t\t\t\t<\/div>\n\t\t\t\t<\/div>\n\t\t\t\t<div class=\"elementor-element elementor-element-a1c2a53 elementor-widget elementor-widget-text-editor\" data-id=\"a1c2a53\" data-element_type=\"widget\" data-widget_type=\"text-editor.default\">\n\t\t\t\t<div class=\"elementor-widget-container\">\n\t\t\t\t\t\t\t\t\t<p>Expos\u00e9 sud et ouest, ce g\u00eete est id\u00e9alement positionn\u00e9 pour capter la lumi\u00e8re du matin au soir.<\/p>\t\t\t\t\t\t\t\t<\/div>\n\t\t\t\t<\/div>\n\t\t\t\t<div class=\"elementor-element elementor-element-a1be79d elementor-align-center elementor-widget elementor-widget-button\" data-id=\"a1be79d\" data-element_type=\"widget\" data-widget_type=\"button.default\">\n\t\t\t\t<div class=\"elementor-widget-container\">\n\t\t\t\t\t\t\t\t\t<div class=\"elementor-button-wrapper\">\n\t\t\t\t\t<a class=\"elementor-button elementor-button-link elementor-size-sm\" href=\"https:\/\/www.leboncoin.fr\/ad\/locations_saisonnieres\/2970885642\" rel=\"nofollow noopener\" target=\"_blank\">\n\t\t\t\t\t\t<span class=\"elementor-button-content-wrapper\">\n\t\t\t\t\t\t\t\t\t<span class=\"elementor-button-text\">R\u00e9servez votre s\u00e9jour<\/span>\n\t\t\t\t\t<\/span>\n\t\t\t\t\t<\/a>\n\t\t\t\t<\/div>\n\t\t\t\t\t\t\t\t<\/div>\n\t\t\t\t<\/div>\n\t\t\t\t\t<\/div>\n\t\t<\/div>\n\t\t\t\t\t<\/div>\n\t\t<\/section>\n\t\t\t\t<\/div>\n\t\t","protected":false},"excerpt":{"rendered":"<p>Les Chaumie?res du Secret Lot De?couvrez The Secret Lot pour de longues vacances, un court se?jour ou un long week-end La Maison du Four et Le Cantou sont deux des sept propri\u00e9t\u00e9s du petit hameau de Lagarrigue. Situ\u00e9 \u00e0 flanc de colline et sur trois \u00e9tages, chacun offre deux chambres doubles avec WC et douche [&hellip;]<\/p>\n","protected":false},"author":4,"featured_media":0,"parent":0,"menu_order":2,"comment_status":"closed","ping_status":"closed","template":"","meta":{"site-sidebar-layout":"no-sidebar","site-content-layout":"page-builder","ast-site-content-layout":"","site-content-style":"default","site-sidebar-style":"default","ast-global-header-display":"","ast-banner-title-visibility":"","ast-main-header-display":"","ast-hfb-above-header-display":"","ast-hfb-below-header-display":"","ast-hfb-mobile-header-display":"","site-post-title":"disabled","ast-breadcrumbs-content":"","ast-featured-img":"disabled","footer-sml-layout":"","theme-transparent-header-meta":"default","adv-header-id-meta":"","stick-header-meta":"","header-above-stick-meta":"","header-main-stick-meta":"","header-below-stick-meta":"","astra-migrate-meta-layouts":"default","ast-page-background-enabled":"default","ast-page-background-meta":{"desktop":{"background-color":"","background-image":"","background-repeat":"repeat","background-position":"center center","background-size":"auto","background-attachment":"scroll","background-type":"","background-media":"","overlay-type":"","overlay-color":"","overlay-opacity":"","overlay-gradient":""},"tablet":{"background-color":"","background-image":"","background-repeat":"repeat","background-position":"center center","background-size":"auto","background-attachment":"scroll","background-type":"","background-media":"","overlay-type":"","overlay-color":"","overlay-opacity":"","overlay-gradient":""},"mobile":{"background-color":"","background-image":"","background-repeat":"repeat","background-position":"center center","background-size":"auto","background-attachment":"scroll","background-type":"","background-media":"","overlay-type":"","overlay-color":"","overlay-opacity":"","overlay-gradient":""}},"ast-content-background-meta":{"desktop":{"background-color":"var(--ast-global-color-5)","background-image":"","background-repeat":"repeat","background-position":"center center","background-size":"auto","background-attachment":"scroll","background-type":"","background-media":"","overlay-type":"","overlay-color":"","overlay-opacity":"","overlay-gradient":""},"tablet":{"background-color":"var(--ast-global-color-5)","background-image":"","background-repeat":"repeat","background-position":"center center","background-size":"auto","background-attachment":"scroll","background-type":"","background-media":"","overlay-type":"","overlay-color":"","overlay-opacity":"","overlay-gradient":""},"mobile":{"background-color":"var(--ast-global-color-5)","background-image":"","background-repeat":"repeat","background-position":"center center","background-size":"auto","background-attachment":"scroll","background-type":"","background-media":"","overlay-type":"","overlay-color":"","overlay-opacity":"","overlay-gradient":""}},"footnotes":""},"class_list":["post-3173","page","type-page","status-publish","hentry"],"_links":{"self":[{"href":"https:\/\/thesecretlot.com\/www2\/wp-json\/wp\/v2\/pages\/3173","targetHints":{"allow":["GET"]}}],"collection":[{"href":"https:\/\/thesecretlot.com\/www2\/wp-json\/wp\/v2\/pages"}],"about":[{"href":"https:\/\/thesecretlot.com\/www2\/wp-json\/wp\/v2\/types\/page"}],"author":[{"embeddable":true,"href":"https:\/\/thesecretlot.com\/www2\/wp-json\/wp\/v2\/users\/4"}],"replies":[{"embeddable":true,"href":"https:\/\/thesecretlot.com\/www2\/wp-json\/wp\/v2\/comments?post=3173"}],"version-history":[{"count":14,"href":"https:\/\/thesecretlot.com\/www2\/wp-json\/wp\/v2\/pages\/3173\/revisions"}],"predecessor-version":[{"id":3793,"href":"https:\/\/thesecretlot.com\/www2\/wp-json\/wp\/v2\/pages\/3173\/revisions\/3793"}],"wp:attachment":[{"href":"https:\/\/thesecretlot.com\/www2\/wp-json\/wp\/v2\/media?parent=3173"}],"curies":[{"name":"wp","href":"https:\/\/api.w.org\/{rel}","templated":true}]}}