{"id":3170,"date":"2021-01-31T11:18:23","date_gmt":"2021-01-31T10:18:23","guid":{"rendered":"https:\/\/thesecretlot.com\/www2\/?page_id=3170"},"modified":"2025-09-25T14:13:17","modified_gmt":"2025-09-25T12:13:17","slug":"conditions-generales","status":"publish","type":"page","link":"https:\/\/thesecretlot.com\/www2\/conditions-generales\/","title":{"rendered":"Conditions G\u00e9n\u00e9rales"},"content":{"rendered":"\t\t<div data-elementor-type=\"wp-page\" data-elementor-id=\"3170\" class=\"elementor elementor-3170\">\n\t\t\t\t\t\t<section class=\"elementor-section elementor-top-section elementor-element elementor-element-683c8c2 elementor-section-full_width elementor-section-height-min-height elementor-section-stretched elementor-section-height-default elementor-section-items-middle\" data-id=\"683c8c2\" data-element_type=\"section\" data-settings=\"{&quot;stretch_section&quot;:&quot;section-stretched&quot;,&quot;background_background&quot;:&quot;classic&quot;}\">\n\t\t\t\t\t\t<div class=\"elementor-container elementor-column-gap-default\">\n\t\t\t\t\t<div class=\"elementor-column elementor-col-100 elementor-top-column elementor-element elementor-element-d28c820\" data-id=\"d28c820\" data-element_type=\"column\">\n\t\t\t<div class=\"elementor-widget-wrap elementor-element-populated\">\n\t\t\t\t\t\t<div class=\"elementor-element elementor-element-a83fa02 elementor-widget elementor-widget-heading\" data-id=\"a83fa02\" data-element_type=\"widget\" data-widget_type=\"heading.default\">\n\t\t\t\t<div class=\"elementor-widget-container\">\n\t\t\t\t\t<h1 class=\"elementor-heading-title elementor-size-default\">Conditions g\u00e9n\u00e9rales pour The Secret Lot<\/h1>\t\t\t\t<\/div>\n\t\t\t\t<\/div>\n\t\t\t\t\t<\/div>\n\t\t<\/div>\n\t\t\t\t\t<\/div>\n\t\t<\/section>\n\t\t\t\t<section class=\"elementor-section elementor-top-section elementor-element elementor-element-4342953 elementor-section-boxed elementor-section-height-default elementor-section-height-default\" data-id=\"4342953\" data-element_type=\"section\">\n\t\t\t\t\t\t<div class=\"elementor-container elementor-column-gap-default\">\n\t\t\t\t\t<div class=\"elementor-column elementor-col-100 elementor-top-column elementor-element elementor-element-65b903c\" data-id=\"65b903c\" data-element_type=\"column\">\n\t\t\t<div class=\"elementor-widget-wrap elementor-element-populated\">\n\t\t\t\t\t\t<div class=\"elementor-element elementor-element-2a92381 elementor-widget elementor-widget-text-editor\" data-id=\"2a92381\" data-element_type=\"widget\" data-widget_type=\"text-editor.default\">\n\t\t\t\t<div class=\"elementor-widget-container\">\n\t\t\t\t\t\t\t\t\t<h3 class=\"p2\">Conditions G\u00e9n\u00e9rales<\/h3><p>Les conditions suivantes pour\u00a0The Secret Lot, ainsi que les informations g\u00e9n\u00e9rales contenues sur le site, forment la base de votre contrat avec The Secret Lot.<\/p><ul><li>Les propri\u00e9t\u00e9s sont offertes en location de vacances sous r\u00e9serve de confirmation par les propri\u00e9taires.<\/li><li>Les g\u00eetes ne sont pas accessibles aux personnes \u00e0 mobilit\u00e9 r\u00e9duite.<\/li><li>Bien que tous les efforts aient \u00e9t\u00e9 faits pour s\u2019assurer que les descriptions des propri\u00e9t\u00e9s et\u00a0des installations avoisinantes sont aussi pr\u00e9cises que possible, les propri\u00e9taires n\u2019acceptent aucune responsabilit\u00e9 pour toute modification ou modification qui \u00e9chappe \u00e0 leur contr\u00f4le.<\/li><li>Chefs de parti \u2013\u00a0La personne au nom de qui la r\u00e9servation est faite est r\u00e9put\u00e9e \u00eatre le chef du parti et est responsable de tous les membres du parti qui adh\u00e8rent \u00e0 ces conditions g\u00e9n\u00e9rales.<\/li><li>Un d\u00e9p\u00f4t non remboursable de 30% de la location totale est exig\u00e9 lors de la r\u00e9servation.<\/li><li>Le paiement int\u00e9gral du solde doit \u00eatre re\u00e7u au moins 6 semaines avant le d\u00e9but de la location, ainsi qu\u2019un dommage remboursable\/d\u00e9p\u00f4t de nettoyage suppl\u00e9mentaire de 150 \u20ac. Si le paiement n\u2019est pas re\u00e7u avant la date d\u2019\u00e9ch\u00e9ance, les propri\u00e9taires ont le droit de donner un avis que la r\u00e9servation doit \u00eatre annul\u00e9e.<\/li><li>\u00c0 la r\u00e9ception du paiement final, les propri\u00e9taires enverront au chef du parti les directives aux chalets et les dispositions pour la collecte des cl\u00e9s.<\/li><li>La p\u00e9riode de\u00a0location commence \u00e0 partir de 16 h le premier jour et la propri\u00e9t\u00e9 doit \u00eatre lib\u00e9r\u00e9e avant 10 h le dernier jour, sauf arrangement pr\u00e9alable.<\/li><li>La r\u00e9servation est uniquement pour le nombre de personnes confirm\u00e9es sur le formulaire de r\u00e9servation.<\/li><li>Les enfants.\u00a0La propri\u00e9t\u00e9 ne convient pas aux enfants de moins de 7 ans, sauf accord pr\u00e9alable avec les propri\u00e9taires.<\/li><li>Il est interdit de fumer dans les chalets et les animaux domestiques ne sont pas autoris\u00e9s.<\/li><li>L\u2019utilisation de l\u2019h\u00e9bergement, de l\u2019\u00e9quipement ou de toute commodit\u00e9 sur place est enti\u00e8rement \u00e0 la charge des clients et aucune responsabilit\u00e9 ne sera accept\u00e9e pour les blessures, les pertes ou les dommages caus\u00e9s aux clients personnellement, \u00e0 leurs biens ou \u00e0 leurs v\u00e9hicules. Les propri\u00e9taires ne sont pas assur\u00e9s pour le vol des biens de leurs clients.<\/li><li>Le chef du parti s\u2019engage \u00e0 s\u2019assurer que tous les membres du parti s\u2019occupent de la propri\u00e9t\u00e9 et la laissent, ainsi que son contenu, dans un \u00e9tat propre et bien rang\u00e9.<\/li><li>Les clients doivent signaler imm\u00e9diatement toute perte, dommage ou bris d\u2019\u00e9quipement ou d\u2019appareils m\u00e9nagers afin qu\u2019ils puissent \u00eatre trait\u00e9s d\u00e8s que possible.<\/li><li>En cas de plainte \u00e0 l\u2019arriv\u00e9e ou une fois que l\u2019occupation a commenc\u00e9, celles-ci doivent \u00eatre port\u00e9es imm\u00e9diatement \u00e0 l\u2019attention des propri\u00e9taires afin qu\u2019elles puissent faire l\u2019objet d\u2019une enqu\u00eate et \u00eatre corrig\u00e9es d\u00e8s que possible.<\/li><li>Les propri\u00e9taires ne peuvent \u00eatre responsables (a) d\u2019un arr\u00eat temporaire ou d\u2019un d\u00e9faut de service public \u00e0 la propri\u00e9t\u00e9 b) de toute perte, dommage ou blessure caus\u00e9 par des conditions m\u00e9t\u00e9orologiques d\u00e9favorables, des \u00e9meutes, des guerres, des gr\u00e8ves ou tout autre \u00e9v\u00e9nement ind\u00e9pendants de la volont\u00e9 des propri\u00e9taires.<\/li><li>En aucun cas la responsabilit\u00e9 des propri\u00e9taires envers les clients ne d\u00e9passera le montant. pay\u00e9s par\u00a0eux aux propri\u00e9taires pour la p\u00e9riode de location.<\/li><li>En payant le d\u00e9p\u00f4t et en effectuant une r\u00e9servation, les clients acceptent automatiquement de respecter ces conditions g\u00e9n\u00e9rales.<\/li><\/ul><h3>Annulations<\/h3><p>En cas d\u2019annulation de la r\u00e9servation, cela doit \u00eatre fait, par \u00e9crit, par le chef du parti.<\/p><p>Si une telle annulation a lieu dans les 28 \u00e0 42 jours pr\u00e9c\u00e9dant l\u2019arriv\u00e9e, un remboursement du solde pay\u00e9 (70% de la location) sera offert.<\/p><p>Aucun remboursement ne sera effectu\u00e9 pour les annulations dans les 28 jours suivant l\u2019arriv\u00e9e.<\/p><h3>Annulations par les propri\u00e9taires<\/h3><p>Si, pour une raison quelconque, les propri\u00e9taires sont tenus d\u2019annuler la r\u00e9servation du chef de partie, tous les fonds vers\u00e9s \u00e0 ce jour seront rembours\u00e9s en totalit\u00e9. C\u2019est la limite de la responsabilit\u00e9 des propri\u00e9taires.<\/p><h3>\u00a0<\/h3>\t\t\t\t\t\t\t\t<\/div>\n\t\t\t\t<\/div>\n\t\t\t\t\t<\/div>\n\t\t<\/div>\n\t\t\t\t\t<\/div>\n\t\t<\/section>\n\t\t\t\t<\/div>\n\t\t","protected":false},"excerpt":{"rendered":"<p>Conditions g\u00e9n\u00e9rales pour The Secret Lot Conditions G\u00e9n\u00e9rales Les conditions suivantes pour\u00a0The Secret Lot, ainsi que les informations g\u00e9n\u00e9rales contenues sur le site, forment la base de votre contrat avec The Secret Lot. Les propri\u00e9t\u00e9s sont offertes en location de vacances sous r\u00e9serve de confirmation par les propri\u00e9taires. Les g\u00eetes ne sont pas accessibles aux [&hellip;]<\/p>\n","protected":false},"author":4,"featured_media":0,"parent":0,"menu_order":0,"comment_status":"closed","ping_status":"closed","template":"","meta":{"site-sidebar-layout":"no-sidebar","site-content-layout":"page-builder","ast-site-content-layout":"","site-content-style":"default","site-sidebar-style":"default","ast-global-header-display":"","ast-banner-title-visibility":"","ast-main-header-display":"","ast-hfb-above-header-display":"","ast-hfb-below-header-display":"","ast-hfb-mobile-header-display":"","site-post-title":"disabled","ast-breadcrumbs-content":"","ast-featured-img":"disabled","footer-sml-layout":"","theme-transparent-header-meta":"default","adv-header-id-meta":"","stick-header-meta":"","header-above-stick-meta":"","header-main-stick-meta":"","header-below-stick-meta":"","astra-migrate-meta-layouts":"default","ast-page-background-enabled":"default","ast-page-background-meta":{"desktop":{"background-color":"","background-image":"","background-repeat":"repeat","background-position":"center center","background-size":"auto","background-attachment":"scroll","background-type":"","background-media":"","overlay-type":"","overlay-color":"","overlay-opacity":"","overlay-gradient":""},"tablet":{"background-color":"","background-image":"","background-repeat":"repeat","background-position":"center center","background-size":"auto","background-attachment":"scroll","background-type":"","background-media":"","overlay-type":"","overlay-color":"","overlay-opacity":"","overlay-gradient":""},"mobile":{"background-color":"","background-image":"","background-repeat":"repeat","background-position":"center center","background-size":"auto","background-attachment":"scroll","background-type":"","background-media":"","overlay-type":"","overlay-color":"","overlay-opacity":"","overlay-gradient":""}},"ast-content-background-meta":{"desktop":{"background-color":"var(--ast-global-color-5)","background-image":"","background-repeat":"repeat","background-position":"center center","background-size":"auto","background-attachment":"scroll","background-type":"","background-media":"","overlay-type":"","overlay-color":"","overlay-opacity":"","overlay-gradient":""},"tablet":{"background-color":"var(--ast-global-color-5)","background-image":"","background-repeat":"repeat","background-position":"center center","background-size":"auto","background-attachment":"scroll","background-type":"","background-media":"","overlay-type":"","overlay-color":"","overlay-opacity":"","overlay-gradient":""},"mobile":{"background-color":"var(--ast-global-color-5)","background-image":"","background-repeat":"repeat","background-position":"center center","background-size":"auto","background-attachment":"scroll","background-type":"","background-media":"","overlay-type":"","overlay-color":"","overlay-opacity":"","overlay-gradient":""}},"footnotes":""},"class_list":["post-3170","page","type-page","status-publish","hentry"],"_links":{"self":[{"href":"https:\/\/thesecretlot.com\/www2\/wp-json\/wp\/v2\/pages\/3170","targetHints":{"allow":["GET"]}}],"collection":[{"href":"https:\/\/thesecretlot.com\/www2\/wp-json\/wp\/v2\/pages"}],"about":[{"href":"https:\/\/thesecretlot.com\/www2\/wp-json\/wp\/v2\/types\/page"}],"author":[{"embeddable":true,"href":"https:\/\/thesecretlot.com\/www2\/wp-json\/wp\/v2\/users\/4"}],"replies":[{"embeddable":true,"href":"https:\/\/thesecretlot.com\/www2\/wp-json\/wp\/v2\/comments?post=3170"}],"version-history":[{"count":11,"href":"https:\/\/thesecretlot.com\/www2\/wp-json\/wp\/v2\/pages\/3170\/revisions"}],"predecessor-version":[{"id":3949,"href":"https:\/\/thesecretlot.com\/www2\/wp-json\/wp\/v2\/pages\/3170\/revisions\/3949"}],"wp:attachment":[{"href":"https:\/\/thesecretlot.com\/www2\/wp-json\/wp\/v2\/media?parent=3170"}],"curies":[{"name":"wp","href":"https:\/\/api.w.org\/{rel}","templated":true}]}}