{"id":3168,"date":"2021-01-30T18:18:09","date_gmt":"2021-01-30T17:18:09","guid":{"rendered":"https:\/\/thesecretlot.com\/www2\/?page_id=3168"},"modified":"2021-04-08T15:19:17","modified_gmt":"2021-04-08T13:19:17","slug":"politique-de-confidentialite","status":"publish","type":"page","link":"https:\/\/thesecretlot.com\/www2\/politique-de-confidentialite\/","title":{"rendered":"Politique de Confidentialit\u00e9"},"content":{"rendered":"\t\t<div data-elementor-type=\"wp-page\" data-elementor-id=\"3168\" class=\"elementor elementor-3168\">\n\t\t\t\t\t\t<section class=\"elementor-section elementor-top-section elementor-element elementor-element-63914c0 elementor-section-full_width elementor-section-height-min-height elementor-section-stretched elementor-section-height-default elementor-section-items-middle\" data-id=\"63914c0\" data-element_type=\"section\" data-settings=\"{&quot;stretch_section&quot;:&quot;section-stretched&quot;,&quot;background_background&quot;:&quot;classic&quot;}\">\n\t\t\t\t\t\t<div class=\"elementor-container elementor-column-gap-default\">\n\t\t\t\t\t<div class=\"elementor-column elementor-col-100 elementor-top-column elementor-element elementor-element-2bbfc76\" data-id=\"2bbfc76\" data-element_type=\"column\">\n\t\t\t<div class=\"elementor-widget-wrap elementor-element-populated\">\n\t\t\t\t\t\t<div class=\"elementor-element elementor-element-f939276 elementor-widget elementor-widget-heading\" data-id=\"f939276\" data-element_type=\"widget\" data-widget_type=\"heading.default\">\n\t\t\t\t<div class=\"elementor-widget-container\">\n\t\t\t\t\t<h1 class=\"elementor-heading-title elementor-size-default\">Politique de confidentialit\u00e9 pour The Secret Lot<\/h1>\t\t\t\t<\/div>\n\t\t\t\t<\/div>\n\t\t\t\t\t<\/div>\n\t\t<\/div>\n\t\t\t\t\t<\/div>\n\t\t<\/section>\n\t\t\t\t<section class=\"elementor-section elementor-top-section elementor-element elementor-element-5aa414ef elementor-section-boxed elementor-section-height-default elementor-section-height-default\" data-id=\"5aa414ef\" data-element_type=\"section\">\n\t\t\t\t\t\t<div class=\"elementor-container elementor-column-gap-default\">\n\t\t\t\t\t<div class=\"elementor-column elementor-col-100 elementor-top-column elementor-element elementor-element-31256468\" data-id=\"31256468\" data-element_type=\"column\">\n\t\t\t<div class=\"elementor-widget-wrap elementor-element-populated\">\n\t\t\t\t\t\t<div class=\"elementor-element elementor-element-2ed54a14 elementor-widget elementor-widget-text-editor\" data-id=\"2ed54a14\" data-element_type=\"widget\" data-widget_type=\"text-editor.default\">\n\t\t\t\t<div class=\"elementor-widget-container\">\n\t\t\t\t\t\t\t\t\t<h2>Politique de confidentialit\u00e9<\/h2><p>Au Secret Lot, accessible depuis\u00a0https:\/\/thesecretlot.com\/www2,l\u2019une de nos principales priorit\u00e9s est la vie priv\u00e9e de nos visiteurs. Ce document sur la politique de confidentialit\u00e9 contient des types d\u2019informations qui sont collect\u00e9es et enregistr\u00e9es par The Secret Lot et comment nous les utilisons.<\/p><p>Si vous avez d\u2019autres questions ou si vous avez besoin de plus d\u2019informations sur notre politique de confidentialit\u00e9, n\u2019h\u00e9sitez\u00a0pas \u00e0 nous contacter.<\/p><h3>R\u00e8glement g\u00e9n\u00e9ral sur la protection des donn\u00e9es (GDPR)<\/h3><p>Nous sommes un contr\u00f4leur de donn\u00e9es de vos informations.<\/p><p>La base juridique de Secret Lot pour la collecte et l\u2019utilisation des renseignements personnels d\u00e9crits dans cette politique de confidentialit\u00e9 d\u00e9pend des renseignements personnels que nous recueillons et du contexte pr\u00e9cis dans lequel nous recueillons les renseignements :<\/p><ul><li>Le Lot Secret doit effectuer un contrat avec vous<\/li><li>Vous avez donn\u00e9 \u00e0 The Secret Lot la permission de le faire<\/li><li>Le traitement de vos renseignements personnels est dans l\u2019int\u00e9r\u00eat l\u00e9gitime de The Secret Lot<\/li><li>Le lot secret doit se conformer \u00e0 la loi<\/li><li>Le lot secret ne conservera vos renseignements personnels que le temps n\u00e9cessaire aux fins \u00e9nonc\u00e9es dans la politique de confidentialit\u00e9.<\/li><\/ul><p>Nous conserverons et utiliserons vos informations dans la mesure n\u00e9cessaire pour nous conformer \u00e0 nos obligations l\u00e9gales, r\u00e9soudre les diff\u00e9rends et faire respecter nos politiques.<\/p><p>Si vous r\u00e9sidez dans l\u2019Espace \u00e9conomique europ\u00e9en (EEE), vous avez certains droits \u00e0 la protection des donn\u00e9es. Si vous souhaitez \u00eatre inform\u00e9 des renseignements personnels que nous d\u00e9tenons \u00e0 votre sujet et si vous souhaitez qu\u2019ils soient retir\u00e9s de nos syst\u00e8mes, veuillez nous contacter.<\/p><p>Dans certaines circonstances, vous avez les droits suivants en mati\u00e8re de protection des donn\u00e9es :<\/p><ul><li>Le droit d\u2019acc\u00e9der, de mettre \u00e0 jour ou de supprimer les informations que nous avons sur vous.<\/li><li>Le droit \u00e0 la rectification.<\/li><li>Le droit de s\u2019opposer.<\/li><li>Le droit de restriction.<\/li><li>Le droit \u00e0 la portabilit\u00e9 des donn\u00e9es<\/li><li>Le droit de retirer son consentement<\/li><\/ul><h3>Fichiers journaux<\/h3><p>Le Lot Secret suit une proc\u00e9dure standard d\u2019utilisation des fichiers journaux. Ces fichiers enregistrent les visiteurs lorsqu\u2019ils visitent des sites Web. Toutes les soci\u00e9t\u00e9s d\u2019h\u00e9bergement le font et font partie de l\u2019analyse des services d\u2019h\u00e9bergement. Les informations recueillies par les fichiers journaux comprennent les adresses de protocole Internet (IP), le type de navigateur, le fournisseur de services Internet (FAI), la date et l\u2019horodatage, les pages de r\u00e9f\u00e9rencement\/sortie, et peut-\u00eatre le nombre de clics. Ceux-ci ne sont li\u00e9s \u00e0 aucune information personnellement identifiable. L\u2019objectif de l\u2019information est d\u2019analyser les tendances, d\u2019administrer le site, de suivre les d\u00e9placements des utilisateurs sur le site Web et de recueillir des informations d\u00e9mographiques.<\/p><h3>Cookies et balises Web<\/h3><p>Nous utilisons des cookies pour stocker les pr\u00e9f\u00e9rences des visiteurs. Les informations que nous obtenons \u00e0 partir des cookies peuvent \u00eatre utilis\u00e9es pour am\u00e9liorer la convivialit\u00e9 du site..<\/p><h3>Informations sur les enfants<\/h3><p>Une autre partie de notre priorit\u00e9 est d\u2019ajouter une protection pour les enfants tout en utilisant Internet. Nous encourageons les parents et les tuteurs \u00e0 observer, participer et\/ou surveiller et guider leur activit\u00e9 en ligne.<\/p><p>Le lot secret ne recueille sciemment aucun renseignement personnel identifiable aupr\u00e8s d\u2019enfants de moins de 13 ans. Si vous pensez que votre enfant a fourni ce genre d\u2019information sur notre site Web, nous vous encourageons fortement \u00e0 nous contacter imm\u00e9diatement et nous ferons de notre mieux pour supprimer rapidement ces informations de nos dossiers.<\/p><h3>Politique de confidentialit\u00e9 en ligne uniquement<\/h3><p>Notre politique de confidentialit\u00e9 ne s\u2019applique qu\u2019\u00e0 nos activit\u00e9s en ligne et est valable pour les visiteurs de notre site Web en ce qui concerne les informations qu\u2019ils ont partag\u00e9es et\/ou collecter dans The Secret Lot. Cette politique ne s\u2019applique \u00e0 aucune information recueillie hors ligne ou via des canaux autres que ce site Web.<\/p><h3>Consentement<\/h3><p>En utilisant notre site Web, vous consentez par la pr\u00e9sente \u00e0 notre politique de confidentialit\u00e9 et acceptez ses conditions.<\/p>\t\t\t\t\t\t\t\t<\/div>\n\t\t\t\t<\/div>\n\t\t\t\t\t<\/div>\n\t\t<\/div>\n\t\t\t\t\t<\/div>\n\t\t<\/section>\n\t\t\t\t<\/div>\n\t\t","protected":false},"excerpt":{"rendered":"<p>Politique de confidentialit\u00e9 pour The Secret Lot Politique de confidentialit\u00e9 Au Secret Lot, accessible depuis\u00a0https:\/\/thesecretlot.com\/www2,l\u2019une de nos principales priorit\u00e9s est la vie priv\u00e9e de nos visiteurs. Ce document sur la politique de confidentialit\u00e9 contient des types d\u2019informations qui sont collect\u00e9es et enregistr\u00e9es par The Secret Lot et comment nous les utilisons. Si vous avez d\u2019autres [&hellip;]<\/p>\n","protected":false},"author":4,"featured_media":0,"parent":0,"menu_order":0,"comment_status":"closed","ping_status":"closed","template":"","meta":{"site-sidebar-layout":"no-sidebar","site-content-layout":"page-builder","ast-site-content-layout":"","site-content-style":"default","site-sidebar-style":"default","ast-global-header-display":"","ast-banner-title-visibility":"","ast-main-header-display":"","ast-hfb-above-header-display":"","ast-hfb-below-header-display":"","ast-hfb-mobile-header-display":"","site-post-title":"disabled","ast-breadcrumbs-content":"","ast-featured-img":"disabled","footer-sml-layout":"","theme-transparent-header-meta":"default","adv-header-id-meta":"","stick-header-meta":"","header-above-stick-meta":"","header-main-stick-meta":"","header-below-stick-meta":"","astra-migrate-meta-layouts":"default","ast-page-background-enabled":"default","ast-page-background-meta":{"desktop":{"background-color":"","background-image":"","background-repeat":"repeat","background-position":"center center","background-size":"auto","background-attachment":"scroll","background-type":"","background-media":"","overlay-type":"","overlay-color":"","overlay-opacity":"","overlay-gradient":""},"tablet":{"background-color":"","background-image":"","background-repeat":"repeat","background-position":"center center","background-size":"auto","background-attachment":"scroll","background-type":"","background-media":"","overlay-type":"","overlay-color":"","overlay-opacity":"","overlay-gradient":""},"mobile":{"background-color":"","background-image":"","background-repeat":"repeat","background-position":"center center","background-size":"auto","background-attachment":"scroll","background-type":"","background-media":"","overlay-type":"","overlay-color":"","overlay-opacity":"","overlay-gradient":""}},"ast-content-background-meta":{"desktop":{"background-color":"var(--ast-global-color-5)","background-image":"","background-repeat":"repeat","background-position":"center center","background-size":"auto","background-attachment":"scroll","background-type":"","background-media":"","overlay-type":"","overlay-color":"","overlay-opacity":"","overlay-gradient":""},"tablet":{"background-color":"var(--ast-global-color-5)","background-image":"","background-repeat":"repeat","background-position":"center center","background-size":"auto","background-attachment":"scroll","background-type":"","background-media":"","overlay-type":"","overlay-color":"","overlay-opacity":"","overlay-gradient":""},"mobile":{"background-color":"var(--ast-global-color-5)","background-image":"","background-repeat":"repeat","background-position":"center center","background-size":"auto","background-attachment":"scroll","background-type":"","background-media":"","overlay-type":"","overlay-color":"","overlay-opacity":"","overlay-gradient":""}},"footnotes":""},"class_list":["post-3168","page","type-page","status-publish","hentry"],"_links":{"self":[{"href":"https:\/\/thesecretlot.com\/www2\/wp-json\/wp\/v2\/pages\/3168","targetHints":{"allow":["GET"]}}],"collection":[{"href":"https:\/\/thesecretlot.com\/www2\/wp-json\/wp\/v2\/pages"}],"about":[{"href":"https:\/\/thesecretlot.com\/www2\/wp-json\/wp\/v2\/types\/page"}],"author":[{"embeddable":true,"href":"https:\/\/thesecretlot.com\/www2\/wp-json\/wp\/v2\/users\/4"}],"replies":[{"embeddable":true,"href":"https:\/\/thesecretlot.com\/www2\/wp-json\/wp\/v2\/comments?post=3168"}],"version-history":[{"count":5,"href":"https:\/\/thesecretlot.com\/www2\/wp-json\/wp\/v2\/pages\/3168\/revisions"}],"predecessor-version":[{"id":3291,"href":"https:\/\/thesecretlot.com\/www2\/wp-json\/wp\/v2\/pages\/3168\/revisions\/3291"}],"wp:attachment":[{"href":"https:\/\/thesecretlot.com\/www2\/wp-json\/wp\/v2\/media?parent=3168"}],"curies":[{"name":"wp","href":"https:\/\/api.w.org\/{rel}","templated":true}]}}